{"id":60,"date":"2025-09-24T15:43:58","date_gmt":"2025-09-24T15:43:58","guid":{"rendered":"https:\/\/zen-mcnulty.92-205-189-166.plesk.page\/?page_id=60"},"modified":"2025-09-24T15:51:11","modified_gmt":"2025-09-24T15:51:11","slug":"willkommen-in-der-welt-der-farbe-gestaltung-und-funktionalitaet","status":"publish","type":"page","link":"https:\/\/zen-mcnulty.92-205-189-166.plesk.page\/","title":{"rendered":"Willkommen in der Welt der Farbe, Gestaltung und Baul\u00f6sungen"},"content":{"rendered":"\n<p>Willkommen bei <strong><mark style=\"background-color:rgba(0, 0, 0, 0)\" class=\"has-inline-color has-custom-blau-color\">Mohrhenn<\/mark><\/strong>.<\/p>\n\n\n\n<hr class=\"wp-block-separator has-alpha-channel-opacity\"\/>\n\n\n\n<p>Wir sind Ihr Malerfachbetrieb in M\u00fclheim an der Ruhr &#8211; f\u00fcr Maler- und Lackierarbeiten, Altbausanierung und mehr. Alle Arbeiten f\u00fchren wir gewissenhaft und unter Ber\u00fccksichtigung der h\u00f6chsten Qualit\u00e4tsstandards durch. <\/p>\n\n\n\n<p>Wir m\u00f6chten, dass Sie zufrieden sind! Mit reichlich Erfahrung und umfangreicher  Kompetenz bieten wir Ihnen eine <strong>unkomplizierte und schnelle Auftragsabwicklung<\/strong> und garantieren absolute Qualit\u00e4t. <\/p>\n\n\n\n<p>\u00dcberzeugen Sie sich von unseren Leistungen. Wir richten uns bei der Umsetzung nach Ihren W\u00fcnschen und Vorstellungen.<\/p>\n\n\n\n<hr class=\"wp-block-separator has-alpha-channel-opacity\"\/>\n\n\n\n<p><strong>Telefonische Erreichbarkeit:<\/strong><\/p>\n\n\n\n<p>M\u00fclheimer Office: <strong>0208 \/ 38 89 46 22<\/strong><\/p>\n\n\n\n<p>Mobil: <strong>0177 \/ 33 03 134<\/strong><\/p>\n\n\n\n<hr class=\"wp-block-separator has-alpha-channel-opacity\"\/>\n\n\n\n<p>Wir freuen uns auf das n\u00e4chste Projekt &#8211;<br>gemeinsam mit Ihnen!<\/p>\n\n\n\n<p>Ihr Team von <strong><mark style=\"background-color:rgba(0, 0, 0, 0)\" class=\"has-inline-color has-custom-blau-color\">Mohrhenn<\/mark><\/strong>.<\/p>\n\n\n\n<p><\/p>\n","protected":false},"excerpt":{"rendered":"<p>Willkommen bei Mohrhenn. Wir sind Ihr Malerfachbetrieb in M\u00fclheim an der Ruhr &#8211; f\u00fcr Maler- und Lackierarbeiten, Altbausanierung und mehr. Alle Arbeiten f\u00fchren wir gewissenhaft und unter Ber\u00fccksichtigung der h\u00f6chsten Qualit\u00e4tsstandards durch. Wir m\u00f6chten, dass Sie zufrieden sind! Mit reichlich Erfahrung und umfangreicher Kompetenz bieten wir Ihnen eine unkomplizierte und schnelle Auftragsabwicklung und garantieren absolute [&hellip;]<\/p>\n","protected":false},"author":1,"featured_media":0,"parent":0,"menu_order":0,"comment_status":"closed","ping_status":"closed","template":"","meta":{"footnotes":""},"class_list":["post-60","page","type-page","status-publish","hentry"],"yoast_head":"<!-- This site is optimized with the Yoast SEO plugin v25.9 - https:\/\/yoast.com\/wordpress\/plugins\/seo\/ -->\n<title>Willkommen in der Welt der Farbe, Gestaltung und Baul\u00f6sungen - Mohrhenn<\/title>\n<meta name=\"robots\" content=\"index, follow, max-snippet:-1, max-image-preview:large, max-video-preview:-1\" \/>\n<link rel=\"canonical\" href=\"https:\/\/zen-mcnulty.92-205-189-166.plesk.page\/\" \/>\n<meta property=\"og:locale\" content=\"de_DE\" \/>\n<meta property=\"og:type\" content=\"article\" \/>\n<meta property=\"og:title\" content=\"Willkommen in der Welt der Farbe, Gestaltung und Baul\u00f6sungen - Mohrhenn\" \/>\n<meta property=\"og:description\" content=\"Willkommen bei Mohrhenn. Wir sind Ihr Malerfachbetrieb in M\u00fclheim an der Ruhr &#8211; f\u00fcr Maler- und Lackierarbeiten, Altbausanierung und mehr. Alle Arbeiten f\u00fchren wir gewissenhaft und unter Ber\u00fccksichtigung der h\u00f6chsten Qualit\u00e4tsstandards durch. Wir m\u00f6chten, dass Sie zufrieden sind! Mit reichlich Erfahrung und umfangreicher Kompetenz bieten wir Ihnen eine unkomplizierte und schnelle Auftragsabwicklung und garantieren absolute [&hellip;]\" \/>\n<meta property=\"og:url\" content=\"https:\/\/zen-mcnulty.92-205-189-166.plesk.page\/\" \/>\n<meta property=\"og:site_name\" content=\"Mohrhenn\" \/>\n<meta property=\"article:modified_time\" content=\"2025-09-24T15:51:11+00:00\" \/>\n<meta name=\"twitter:card\" content=\"summary_large_image\" \/>\n<meta name=\"twitter:label1\" content=\"Gesch\u00e4tzte Lesezeit\" \/>\n\t<meta name=\"twitter:data1\" content=\"1\u00a0Minute\" \/>\n<script type=\"application\/ld+json\" class=\"yoast-schema-graph\">{\"@context\":\"https:\/\/schema.org\",\"@graph\":[{\"@type\":\"WebPage\",\"@id\":\"https:\/\/zen-mcnulty.92-205-189-166.plesk.page\/\",\"url\":\"https:\/\/zen-mcnulty.92-205-189-166.plesk.page\/\",\"name\":\"Willkommen in der Welt der Farbe, Gestaltung und Baul\u00f6sungen - Mohrhenn\",\"isPartOf\":{\"@id\":\"https:\/\/zen-mcnulty.92-205-189-166.plesk.page\/#website\"},\"datePublished\":\"2025-09-24T15:43:58+00:00\",\"dateModified\":\"2025-09-24T15:51:11+00:00\",\"breadcrumb\":{\"@id\":\"https:\/\/zen-mcnulty.92-205-189-166.plesk.page\/#breadcrumb\"},\"inLanguage\":\"de\",\"potentialAction\":[{\"@type\":\"ReadAction\",\"target\":[\"https:\/\/zen-mcnulty.92-205-189-166.plesk.page\/\"]}]},{\"@type\":\"BreadcrumbList\",\"@id\":\"https:\/\/zen-mcnulty.92-205-189-166.plesk.page\/#breadcrumb\",\"itemListElement\":[{\"@type\":\"ListItem\",\"position\":1,\"name\":\"Startseite\",\"item\":\"https:\/\/zen-mcnulty.92-205-189-166.plesk.page\/\"},{\"@type\":\"ListItem\",\"position\":2,\"name\":\"Willkommen in der Welt der Farbe, Gestaltung und Baul\u00f6sungen\"}]},{\"@type\":\"WebSite\",\"@id\":\"https:\/\/zen-mcnulty.92-205-189-166.plesk.page\/#website\",\"url\":\"https:\/\/zen-mcnulty.92-205-189-166.plesk.page\/\",\"name\":\"Mohrhenn\",\"description\":\"Ihr Malerfachbetrieb in M\u00fclheim an der Ruhr\",\"publisher\":{\"@id\":\"https:\/\/zen-mcnulty.92-205-189-166.plesk.page\/#organization\"},\"potentialAction\":[{\"@type\":\"SearchAction\",\"target\":{\"@type\":\"EntryPoint\",\"urlTemplate\":\"https:\/\/zen-mcnulty.92-205-189-166.plesk.page\/?s={search_term_string}\"},\"query-input\":{\"@type\":\"PropertyValueSpecification\",\"valueRequired\":true,\"valueName\":\"search_term_string\"}}],\"inLanguage\":\"de\"},{\"@type\":\"Organization\",\"@id\":\"https:\/\/zen-mcnulty.92-205-189-166.plesk.page\/#organization\",\"name\":\"Mohrhenn\",\"url\":\"https:\/\/zen-mcnulty.92-205-189-166.plesk.page\/\",\"logo\":{\"@type\":\"ImageObject\",\"inLanguage\":\"de\",\"@id\":\"https:\/\/zen-mcnulty.92-205-189-166.plesk.page\/#\/schema\/logo\/image\/\",\"url\":\"https:\/\/zen-mcnulty.92-205-189-166.plesk.page\/wp-content\/uploads\/2025\/09\/mohrhenn-logo-n1.png\",\"contentUrl\":\"https:\/\/zen-mcnulty.92-205-189-166.plesk.page\/wp-content\/uploads\/2025\/09\/mohrhenn-logo-n1.png\",\"width\":300,\"height\":137,\"caption\":\"Mohrhenn\"},\"image\":{\"@id\":\"https:\/\/zen-mcnulty.92-205-189-166.plesk.page\/#\/schema\/logo\/image\/\"}}]}<\/script>\n<!-- \/ Yoast SEO plugin. -->","yoast_head_json":{"title":"Willkommen in der Welt der Farbe, Gestaltung und Baul\u00f6sungen - Mohrhenn","robots":{"index":"index","follow":"follow","max-snippet":"max-snippet:-1","max-image-preview":"max-image-preview:large","max-video-preview":"max-video-preview:-1"},"canonical":"https:\/\/zen-mcnulty.92-205-189-166.plesk.page\/","og_locale":"de_DE","og_type":"article","og_title":"Willkommen in der Welt der Farbe, Gestaltung und Baul\u00f6sungen - Mohrhenn","og_description":"Willkommen bei Mohrhenn. Wir sind Ihr Malerfachbetrieb in M\u00fclheim an der Ruhr &#8211; f\u00fcr Maler- und Lackierarbeiten, Altbausanierung und mehr. Alle Arbeiten f\u00fchren wir gewissenhaft und unter Ber\u00fccksichtigung der h\u00f6chsten Qualit\u00e4tsstandards durch. Wir m\u00f6chten, dass Sie zufrieden sind! Mit reichlich Erfahrung und umfangreicher Kompetenz bieten wir Ihnen eine unkomplizierte und schnelle Auftragsabwicklung und garantieren absolute [&hellip;]","og_url":"https:\/\/zen-mcnulty.92-205-189-166.plesk.page\/","og_site_name":"Mohrhenn","article_modified_time":"2025-09-24T15:51:11+00:00","twitter_card":"summary_large_image","twitter_misc":{"Gesch\u00e4tzte Lesezeit":"1\u00a0Minute"},"schema":{"@context":"https:\/\/schema.org","@graph":[{"@type":"WebPage","@id":"https:\/\/zen-mcnulty.92-205-189-166.plesk.page\/","url":"https:\/\/zen-mcnulty.92-205-189-166.plesk.page\/","name":"Willkommen in der Welt der Farbe, Gestaltung und Baul\u00f6sungen - Mohrhenn","isPartOf":{"@id":"https:\/\/zen-mcnulty.92-205-189-166.plesk.page\/#website"},"datePublished":"2025-09-24T15:43:58+00:00","dateModified":"2025-09-24T15:51:11+00:00","breadcrumb":{"@id":"https:\/\/zen-mcnulty.92-205-189-166.plesk.page\/#breadcrumb"},"inLanguage":"de","potentialAction":[{"@type":"ReadAction","target":["https:\/\/zen-mcnulty.92-205-189-166.plesk.page\/"]}]},{"@type":"BreadcrumbList","@id":"https:\/\/zen-mcnulty.92-205-189-166.plesk.page\/#breadcrumb","itemListElement":[{"@type":"ListItem","position":1,"name":"Startseite","item":"https:\/\/zen-mcnulty.92-205-189-166.plesk.page\/"},{"@type":"ListItem","position":2,"name":"Willkommen in der Welt der Farbe, Gestaltung und Baul\u00f6sungen"}]},{"@type":"WebSite","@id":"https:\/\/zen-mcnulty.92-205-189-166.plesk.page\/#website","url":"https:\/\/zen-mcnulty.92-205-189-166.plesk.page\/","name":"Mohrhenn","description":"Ihr Malerfachbetrieb in M\u00fclheim an der Ruhr","publisher":{"@id":"https:\/\/zen-mcnulty.92-205-189-166.plesk.page\/#organization"},"potentialAction":[{"@type":"SearchAction","target":{"@type":"EntryPoint","urlTemplate":"https:\/\/zen-mcnulty.92-205-189-166.plesk.page\/?s={search_term_string}"},"query-input":{"@type":"PropertyValueSpecification","valueRequired":true,"valueName":"search_term_string"}}],"inLanguage":"de"},{"@type":"Organization","@id":"https:\/\/zen-mcnulty.92-205-189-166.plesk.page\/#organization","name":"Mohrhenn","url":"https:\/\/zen-mcnulty.92-205-189-166.plesk.page\/","logo":{"@type":"ImageObject","inLanguage":"de","@id":"https:\/\/zen-mcnulty.92-205-189-166.plesk.page\/#\/schema\/logo\/image\/","url":"https:\/\/zen-mcnulty.92-205-189-166.plesk.page\/wp-content\/uploads\/2025\/09\/mohrhenn-logo-n1.png","contentUrl":"https:\/\/zen-mcnulty.92-205-189-166.plesk.page\/wp-content\/uploads\/2025\/09\/mohrhenn-logo-n1.png","width":300,"height":137,"caption":"Mohrhenn"},"image":{"@id":"https:\/\/zen-mcnulty.92-205-189-166.plesk.page\/#\/schema\/logo\/image\/"}}]}},"_links":{"self":[{"href":"https:\/\/zen-mcnulty.92-205-189-166.plesk.page\/index.php\/wp-json\/wp\/v2\/pages\/60","targetHints":{"allow":["GET"]}}],"collection":[{"href":"https:\/\/zen-mcnulty.92-205-189-166.plesk.page\/index.php\/wp-json\/wp\/v2\/pages"}],"about":[{"href":"https:\/\/zen-mcnulty.92-205-189-166.plesk.page\/index.php\/wp-json\/wp\/v2\/types\/page"}],"author":[{"embeddable":true,"href":"https:\/\/zen-mcnulty.92-205-189-166.plesk.page\/index.php\/wp-json\/wp\/v2\/users\/1"}],"replies":[{"embeddable":true,"href":"https:\/\/zen-mcnulty.92-205-189-166.plesk.page\/index.php\/wp-json\/wp\/v2\/comments?post=60"}],"version-history":[{"count":2,"href":"https:\/\/zen-mcnulty.92-205-189-166.plesk.page\/index.php\/wp-json\/wp\/v2\/pages\/60\/revisions"}],"predecessor-version":[{"id":63,"href":"https:\/\/zen-mcnulty.92-205-189-166.plesk.page\/index.php\/wp-json\/wp\/v2\/pages\/60\/revisions\/63"}],"wp:attachment":[{"href":"https:\/\/zen-mcnulty.92-205-189-166.plesk.page\/index.php\/wp-json\/wp\/v2\/media?parent=60"}],"curies":[{"name":"wp","href":"https:\/\/api.w.org\/{rel}","templated":true}]}}