{"id":24,"date":"2025-09-14T16:06:55","date_gmt":"2025-09-14T16:06:55","guid":{"rendered":"https:\/\/zen-mcnulty.92-205-189-166.plesk.page\/?page_id=24"},"modified":"2025-09-24T16:42:34","modified_gmt":"2025-09-24T16:42:34","slug":"beseitigung-von-wasserschaeden","status":"publish","type":"page","link":"https:\/\/zen-mcnulty.92-205-189-166.plesk.page\/index.php\/beseitigung-von-wasserschaeden\/","title":{"rendered":"Beseitigung von Wassersch\u00e4den"},"content":{"rendered":"\n<p>Wassersch\u00e4den sind nicht nur \u00e4rgerlich, sondern k\u00f6nnen auch langfristige Sch\u00e4den verursachen. Wir k\u00fcmmern uns um die professionelle Trocknung, Schimmelvermeidung und Wiederherstellung der betroffenen Bereiche \u2013 <strong>schnell, zuverl\u00e4ssig und nachhaltig.<\/strong><\/p>\n\n\n\n<figure class=\"wp-block-image size-large\"><img loading=\"lazy\" decoding=\"async\" width=\"1024\" height=\"598\" src=\"https:\/\/zen-mcnulty.92-205-189-166.plesk.page\/wp-content\/uploads\/2025\/09\/bild_b_05-1024x598.jpg\" alt=\"\" class=\"wp-image-78\" srcset=\"https:\/\/zen-mcnulty.92-205-189-166.plesk.page\/wp-content\/uploads\/2025\/09\/bild_b_05-1024x598.jpg 1024w, https:\/\/zen-mcnulty.92-205-189-166.plesk.page\/wp-content\/uploads\/2025\/09\/bild_b_05-300x175.jpg 300w, https:\/\/zen-mcnulty.92-205-189-166.plesk.page\/wp-content\/uploads\/2025\/09\/bild_b_05-768x449.jpg 768w, https:\/\/zen-mcnulty.92-205-189-166.plesk.page\/wp-content\/uploads\/2025\/09\/bild_b_05.jpg 1500w\" sizes=\"auto, (max-width: 1024px) 100vw, 1024px\" \/><\/figure>\n","protected":false},"excerpt":{"rendered":"<p>Wassersch\u00e4den sind nicht nur \u00e4rgerlich, sondern k\u00f6nnen auch langfristige Sch\u00e4den verursachen. Wir k\u00fcmmern uns um die professionelle Trocknung, Schimmelvermeidung und Wiederherstellung der betroffenen Bereiche \u2013 schnell, zuverl\u00e4ssig und nachhaltig.<\/p>\n","protected":false},"author":1,"featured_media":0,"parent":0,"menu_order":0,"comment_status":"closed","ping_status":"closed","template":"","meta":{"footnotes":""},"class_list":["post-24","page","type-page","status-publish","hentry"],"yoast_head":"<!-- This site is optimized with the Yoast SEO plugin v25.9 - https:\/\/yoast.com\/wordpress\/plugins\/seo\/ -->\n<title>Beseitigung von Wassersch\u00e4den - Mohrhenn<\/title>\n<meta name=\"robots\" content=\"index, follow, max-snippet:-1, max-image-preview:large, max-video-preview:-1\" \/>\n<link rel=\"canonical\" href=\"https:\/\/zen-mcnulty.92-205-189-166.plesk.page\/index.php\/beseitigung-von-wasserschaeden\/\" \/>\n<meta property=\"og:locale\" content=\"de_DE\" \/>\n<meta property=\"og:type\" content=\"article\" \/>\n<meta property=\"og:title\" content=\"Beseitigung von Wassersch\u00e4den - Mohrhenn\" \/>\n<meta property=\"og:description\" content=\"Wassersch\u00e4den sind nicht nur \u00e4rgerlich, sondern k\u00f6nnen auch langfristige Sch\u00e4den verursachen. Wir k\u00fcmmern uns um die professionelle Trocknung, Schimmelvermeidung und Wiederherstellung der betroffenen Bereiche \u2013 schnell, zuverl\u00e4ssig und nachhaltig.\" \/>\n<meta property=\"og:url\" content=\"https:\/\/zen-mcnulty.92-205-189-166.plesk.page\/index.php\/beseitigung-von-wasserschaeden\/\" \/>\n<meta property=\"og:site_name\" content=\"Mohrhenn\" \/>\n<meta property=\"article:modified_time\" content=\"2025-09-24T16:42:34+00:00\" \/>\n<meta property=\"og:image\" content=\"https:\/\/zen-mcnulty.92-205-189-166.plesk.page\/wp-content\/uploads\/2025\/09\/bild_b_05.jpg\" \/>\n\t<meta property=\"og:image:width\" content=\"1500\" \/>\n\t<meta property=\"og:image:height\" content=\"876\" \/>\n\t<meta property=\"og:image:type\" content=\"image\/jpeg\" \/>\n<meta name=\"twitter:card\" content=\"summary_large_image\" \/>\n<meta name=\"twitter:label1\" content=\"Gesch\u00e4tzte Lesezeit\" \/>\n\t<meta name=\"twitter:data1\" content=\"1\u00a0Minute\" \/>\n<script type=\"application\/ld+json\" class=\"yoast-schema-graph\">{\"@context\":\"https:\/\/schema.org\",\"@graph\":[{\"@type\":\"WebPage\",\"@id\":\"https:\/\/zen-mcnulty.92-205-189-166.plesk.page\/index.php\/beseitigung-von-wasserschaeden\/\",\"url\":\"https:\/\/zen-mcnulty.92-205-189-166.plesk.page\/index.php\/beseitigung-von-wasserschaeden\/\",\"name\":\"Beseitigung von Wassersch\u00e4den - Mohrhenn\",\"isPartOf\":{\"@id\":\"https:\/\/zen-mcnulty.92-205-189-166.plesk.page\/#website\"},\"primaryImageOfPage\":{\"@id\":\"https:\/\/zen-mcnulty.92-205-189-166.plesk.page\/index.php\/beseitigung-von-wasserschaeden\/#primaryimage\"},\"image\":{\"@id\":\"https:\/\/zen-mcnulty.92-205-189-166.plesk.page\/index.php\/beseitigung-von-wasserschaeden\/#primaryimage\"},\"thumbnailUrl\":\"https:\/\/zen-mcnulty.92-205-189-166.plesk.page\/wp-content\/uploads\/2025\/09\/bild_b_05-1024x598.jpg\",\"datePublished\":\"2025-09-14T16:06:55+00:00\",\"dateModified\":\"2025-09-24T16:42:34+00:00\",\"breadcrumb\":{\"@id\":\"https:\/\/zen-mcnulty.92-205-189-166.plesk.page\/index.php\/beseitigung-von-wasserschaeden\/#breadcrumb\"},\"inLanguage\":\"de\",\"potentialAction\":[{\"@type\":\"ReadAction\",\"target\":[\"https:\/\/zen-mcnulty.92-205-189-166.plesk.page\/index.php\/beseitigung-von-wasserschaeden\/\"]}]},{\"@type\":\"ImageObject\",\"inLanguage\":\"de\",\"@id\":\"https:\/\/zen-mcnulty.92-205-189-166.plesk.page\/index.php\/beseitigung-von-wasserschaeden\/#primaryimage\",\"url\":\"https:\/\/zen-mcnulty.92-205-189-166.plesk.page\/wp-content\/uploads\/2025\/09\/bild_b_05.jpg\",\"contentUrl\":\"https:\/\/zen-mcnulty.92-205-189-166.plesk.page\/wp-content\/uploads\/2025\/09\/bild_b_05.jpg\",\"width\":1500,\"height\":876},{\"@type\":\"BreadcrumbList\",\"@id\":\"https:\/\/zen-mcnulty.92-205-189-166.plesk.page\/index.php\/beseitigung-von-wasserschaeden\/#breadcrumb\",\"itemListElement\":[{\"@type\":\"ListItem\",\"position\":1,\"name\":\"Startseite\",\"item\":\"https:\/\/zen-mcnulty.92-205-189-166.plesk.page\/\"},{\"@type\":\"ListItem\",\"position\":2,\"name\":\"Beseitigung von Wassersch\u00e4den\"}]},{\"@type\":\"WebSite\",\"@id\":\"https:\/\/zen-mcnulty.92-205-189-166.plesk.page\/#website\",\"url\":\"https:\/\/zen-mcnulty.92-205-189-166.plesk.page\/\",\"name\":\"Mohrhenn\",\"description\":\"Ihr Malerfachbetrieb in M\u00fclheim an der Ruhr\",\"publisher\":{\"@id\":\"https:\/\/zen-mcnulty.92-205-189-166.plesk.page\/#organization\"},\"potentialAction\":[{\"@type\":\"SearchAction\",\"target\":{\"@type\":\"EntryPoint\",\"urlTemplate\":\"https:\/\/zen-mcnulty.92-205-189-166.plesk.page\/?s={search_term_string}\"},\"query-input\":{\"@type\":\"PropertyValueSpecification\",\"valueRequired\":true,\"valueName\":\"search_term_string\"}}],\"inLanguage\":\"de\"},{\"@type\":\"Organization\",\"@id\":\"https:\/\/zen-mcnulty.92-205-189-166.plesk.page\/#organization\",\"name\":\"Mohrhenn\",\"url\":\"https:\/\/zen-mcnulty.92-205-189-166.plesk.page\/\",\"logo\":{\"@type\":\"ImageObject\",\"inLanguage\":\"de\",\"@id\":\"https:\/\/zen-mcnulty.92-205-189-166.plesk.page\/#\/schema\/logo\/image\/\",\"url\":\"https:\/\/zen-mcnulty.92-205-189-166.plesk.page\/wp-content\/uploads\/2025\/09\/mohrhenn-logo-n1.png\",\"contentUrl\":\"https:\/\/zen-mcnulty.92-205-189-166.plesk.page\/wp-content\/uploads\/2025\/09\/mohrhenn-logo-n1.png\",\"width\":300,\"height\":137,\"caption\":\"Mohrhenn\"},\"image\":{\"@id\":\"https:\/\/zen-mcnulty.92-205-189-166.plesk.page\/#\/schema\/logo\/image\/\"}}]}<\/script>\n<!-- \/ Yoast SEO plugin. -->","yoast_head_json":{"title":"Beseitigung von Wassersch\u00e4den - Mohrhenn","robots":{"index":"index","follow":"follow","max-snippet":"max-snippet:-1","max-image-preview":"max-image-preview:large","max-video-preview":"max-video-preview:-1"},"canonical":"https:\/\/zen-mcnulty.92-205-189-166.plesk.page\/index.php\/beseitigung-von-wasserschaeden\/","og_locale":"de_DE","og_type":"article","og_title":"Beseitigung von Wassersch\u00e4den - Mohrhenn","og_description":"Wassersch\u00e4den sind nicht nur \u00e4rgerlich, sondern k\u00f6nnen auch langfristige Sch\u00e4den verursachen. Wir k\u00fcmmern uns um die professionelle Trocknung, Schimmelvermeidung und Wiederherstellung der betroffenen Bereiche \u2013 schnell, zuverl\u00e4ssig und nachhaltig.","og_url":"https:\/\/zen-mcnulty.92-205-189-166.plesk.page\/index.php\/beseitigung-von-wasserschaeden\/","og_site_name":"Mohrhenn","article_modified_time":"2025-09-24T16:42:34+00:00","og_image":[{"width":1500,"height":876,"url":"https:\/\/zen-mcnulty.92-205-189-166.plesk.page\/wp-content\/uploads\/2025\/09\/bild_b_05.jpg","type":"image\/jpeg"}],"twitter_card":"summary_large_image","twitter_misc":{"Gesch\u00e4tzte Lesezeit":"1\u00a0Minute"},"schema":{"@context":"https:\/\/schema.org","@graph":[{"@type":"WebPage","@id":"https:\/\/zen-mcnulty.92-205-189-166.plesk.page\/index.php\/beseitigung-von-wasserschaeden\/","url":"https:\/\/zen-mcnulty.92-205-189-166.plesk.page\/index.php\/beseitigung-von-wasserschaeden\/","name":"Beseitigung von Wassersch\u00e4den - Mohrhenn","isPartOf":{"@id":"https:\/\/zen-mcnulty.92-205-189-166.plesk.page\/#website"},"primaryImageOfPage":{"@id":"https:\/\/zen-mcnulty.92-205-189-166.plesk.page\/index.php\/beseitigung-von-wasserschaeden\/#primaryimage"},"image":{"@id":"https:\/\/zen-mcnulty.92-205-189-166.plesk.page\/index.php\/beseitigung-von-wasserschaeden\/#primaryimage"},"thumbnailUrl":"https:\/\/zen-mcnulty.92-205-189-166.plesk.page\/wp-content\/uploads\/2025\/09\/bild_b_05-1024x598.jpg","datePublished":"2025-09-14T16:06:55+00:00","dateModified":"2025-09-24T16:42:34+00:00","breadcrumb":{"@id":"https:\/\/zen-mcnulty.92-205-189-166.plesk.page\/index.php\/beseitigung-von-wasserschaeden\/#breadcrumb"},"inLanguage":"de","potentialAction":[{"@type":"ReadAction","target":["https:\/\/zen-mcnulty.92-205-189-166.plesk.page\/index.php\/beseitigung-von-wasserschaeden\/"]}]},{"@type":"ImageObject","inLanguage":"de","@id":"https:\/\/zen-mcnulty.92-205-189-166.plesk.page\/index.php\/beseitigung-von-wasserschaeden\/#primaryimage","url":"https:\/\/zen-mcnulty.92-205-189-166.plesk.page\/wp-content\/uploads\/2025\/09\/bild_b_05.jpg","contentUrl":"https:\/\/zen-mcnulty.92-205-189-166.plesk.page\/wp-content\/uploads\/2025\/09\/bild_b_05.jpg","width":1500,"height":876},{"@type":"BreadcrumbList","@id":"https:\/\/zen-mcnulty.92-205-189-166.plesk.page\/index.php\/beseitigung-von-wasserschaeden\/#breadcrumb","itemListElement":[{"@type":"ListItem","position":1,"name":"Startseite","item":"https:\/\/zen-mcnulty.92-205-189-166.plesk.page\/"},{"@type":"ListItem","position":2,"name":"Beseitigung von Wassersch\u00e4den"}]},{"@type":"WebSite","@id":"https:\/\/zen-mcnulty.92-205-189-166.plesk.page\/#website","url":"https:\/\/zen-mcnulty.92-205-189-166.plesk.page\/","name":"Mohrhenn","description":"Ihr Malerfachbetrieb in M\u00fclheim an der Ruhr","publisher":{"@id":"https:\/\/zen-mcnulty.92-205-189-166.plesk.page\/#organization"},"potentialAction":[{"@type":"SearchAction","target":{"@type":"EntryPoint","urlTemplate":"https:\/\/zen-mcnulty.92-205-189-166.plesk.page\/?s={search_term_string}"},"query-input":{"@type":"PropertyValueSpecification","valueRequired":true,"valueName":"search_term_string"}}],"inLanguage":"de"},{"@type":"Organization","@id":"https:\/\/zen-mcnulty.92-205-189-166.plesk.page\/#organization","name":"Mohrhenn","url":"https:\/\/zen-mcnulty.92-205-189-166.plesk.page\/","logo":{"@type":"ImageObject","inLanguage":"de","@id":"https:\/\/zen-mcnulty.92-205-189-166.plesk.page\/#\/schema\/logo\/image\/","url":"https:\/\/zen-mcnulty.92-205-189-166.plesk.page\/wp-content\/uploads\/2025\/09\/mohrhenn-logo-n1.png","contentUrl":"https:\/\/zen-mcnulty.92-205-189-166.plesk.page\/wp-content\/uploads\/2025\/09\/mohrhenn-logo-n1.png","width":300,"height":137,"caption":"Mohrhenn"},"image":{"@id":"https:\/\/zen-mcnulty.92-205-189-166.plesk.page\/#\/schema\/logo\/image\/"}}]}},"_links":{"self":[{"href":"https:\/\/zen-mcnulty.92-205-189-166.plesk.page\/index.php\/wp-json\/wp\/v2\/pages\/24","targetHints":{"allow":["GET"]}}],"collection":[{"href":"https:\/\/zen-mcnulty.92-205-189-166.plesk.page\/index.php\/wp-json\/wp\/v2\/pages"}],"about":[{"href":"https:\/\/zen-mcnulty.92-205-189-166.plesk.page\/index.php\/wp-json\/wp\/v2\/types\/page"}],"author":[{"embeddable":true,"href":"https:\/\/zen-mcnulty.92-205-189-166.plesk.page\/index.php\/wp-json\/wp\/v2\/users\/1"}],"replies":[{"embeddable":true,"href":"https:\/\/zen-mcnulty.92-205-189-166.plesk.page\/index.php\/wp-json\/wp\/v2\/comments?post=24"}],"version-history":[{"count":3,"href":"https:\/\/zen-mcnulty.92-205-189-166.plesk.page\/index.php\/wp-json\/wp\/v2\/pages\/24\/revisions"}],"predecessor-version":[{"id":88,"href":"https:\/\/zen-mcnulty.92-205-189-166.plesk.page\/index.php\/wp-json\/wp\/v2\/pages\/24\/revisions\/88"}],"wp:attachment":[{"href":"https:\/\/zen-mcnulty.92-205-189-166.plesk.page\/index.php\/wp-json\/wp\/v2\/media?parent=24"}],"curies":[{"name":"wp","href":"https:\/\/api.w.org\/{rel}","templated":true}]}}