{"id":22,"date":"2025-09-14T16:06:01","date_gmt":"2025-09-14T16:06:01","guid":{"rendered":"https:\/\/zen-mcnulty.92-205-189-166.plesk.page\/?page_id=22"},"modified":"2025-09-24T16:39:34","modified_gmt":"2025-09-24T16:39:34","slug":"bodenbelaege","status":"publish","type":"page","link":"https:\/\/zen-mcnulty.92-205-189-166.plesk.page\/index.php\/bodenbelaege\/","title":{"rendered":"Bodenbel\u00e4ge"},"content":{"rendered":"\n<p>Ob Laminat, Vinyl, Teppich oder Designboden &#8211; wir beraten Sie bei der Auswahl passender Bodenbel\u00e4ge und \u00fcbernehmen die fachm\u00e4nnische Verlegung. Der <strong>Boden <\/strong>bildet die Grundlage jeder Raumgestaltung &#8211; wir sorgen daf\u00fcr, dass er nicht nur <strong>optisch<\/strong>, sondern auch <strong>funktional <\/strong>\u00fcberzeugt.<\/p>\n\n\n\n<figure class=\"wp-block-image size-large\"><img loading=\"lazy\" decoding=\"async\" width=\"1024\" height=\"598\" src=\"https:\/\/zen-mcnulty.92-205-189-166.plesk.page\/wp-content\/uploads\/2025\/09\/bild_b_01-1024x598.jpg\" alt=\"\" class=\"wp-image-74\" srcset=\"https:\/\/zen-mcnulty.92-205-189-166.plesk.page\/wp-content\/uploads\/2025\/09\/bild_b_01-1024x598.jpg 1024w, https:\/\/zen-mcnulty.92-205-189-166.plesk.page\/wp-content\/uploads\/2025\/09\/bild_b_01-300x175.jpg 300w, https:\/\/zen-mcnulty.92-205-189-166.plesk.page\/wp-content\/uploads\/2025\/09\/bild_b_01-768x449.jpg 768w, https:\/\/zen-mcnulty.92-205-189-166.plesk.page\/wp-content\/uploads\/2025\/09\/bild_b_01.jpg 1500w\" sizes=\"auto, (max-width: 1024px) 100vw, 1024px\" \/><\/figure>\n","protected":false},"excerpt":{"rendered":"<p>Ob Laminat, Vinyl, Teppich oder Designboden &#8211; wir beraten Sie bei der Auswahl passender Bodenbel\u00e4ge und \u00fcbernehmen die fachm\u00e4nnische Verlegung. Der Boden bildet die Grundlage jeder Raumgestaltung &#8211; wir sorgen daf\u00fcr, dass er nicht nur optisch, sondern auch funktional \u00fcberzeugt.<\/p>\n","protected":false},"author":1,"featured_media":0,"parent":0,"menu_order":0,"comment_status":"closed","ping_status":"closed","template":"","meta":{"footnotes":""},"class_list":["post-22","page","type-page","status-publish","hentry"],"yoast_head":"<!-- This site is optimized with the Yoast SEO plugin v25.9 - https:\/\/yoast.com\/wordpress\/plugins\/seo\/ -->\n<title>Bodenbel\u00e4ge - Mohrhenn<\/title>\n<meta name=\"robots\" content=\"index, follow, max-snippet:-1, max-image-preview:large, max-video-preview:-1\" \/>\n<link rel=\"canonical\" href=\"https:\/\/zen-mcnulty.92-205-189-166.plesk.page\/index.php\/bodenbelaege\/\" \/>\n<meta property=\"og:locale\" content=\"de_DE\" \/>\n<meta property=\"og:type\" content=\"article\" \/>\n<meta property=\"og:title\" content=\"Bodenbel\u00e4ge - Mohrhenn\" \/>\n<meta property=\"og:description\" content=\"Ob Laminat, Vinyl, Teppich oder Designboden &#8211; wir beraten Sie bei der Auswahl passender Bodenbel\u00e4ge und \u00fcbernehmen die fachm\u00e4nnische Verlegung. Der Boden bildet die Grundlage jeder Raumgestaltung &#8211; wir sorgen daf\u00fcr, dass er nicht nur optisch, sondern auch funktional \u00fcberzeugt.\" \/>\n<meta property=\"og:url\" content=\"https:\/\/zen-mcnulty.92-205-189-166.plesk.page\/index.php\/bodenbelaege\/\" \/>\n<meta property=\"og:site_name\" content=\"Mohrhenn\" \/>\n<meta property=\"article:modified_time\" content=\"2025-09-24T16:39:34+00:00\" \/>\n<meta property=\"og:image\" content=\"https:\/\/zen-mcnulty.92-205-189-166.plesk.page\/wp-content\/uploads\/2025\/09\/bild_b_01.jpg\" \/>\n\t<meta property=\"og:image:width\" content=\"1500\" \/>\n\t<meta property=\"og:image:height\" content=\"876\" \/>\n\t<meta property=\"og:image:type\" content=\"image\/jpeg\" \/>\n<meta name=\"twitter:card\" content=\"summary_large_image\" \/>\n<meta name=\"twitter:label1\" content=\"Gesch\u00e4tzte Lesezeit\" \/>\n\t<meta name=\"twitter:data1\" content=\"1\u00a0Minute\" \/>\n<script type=\"application\/ld+json\" class=\"yoast-schema-graph\">{\"@context\":\"https:\/\/schema.org\",\"@graph\":[{\"@type\":\"WebPage\",\"@id\":\"https:\/\/zen-mcnulty.92-205-189-166.plesk.page\/index.php\/bodenbelaege\/\",\"url\":\"https:\/\/zen-mcnulty.92-205-189-166.plesk.page\/index.php\/bodenbelaege\/\",\"name\":\"Bodenbel\u00e4ge - Mohrhenn\",\"isPartOf\":{\"@id\":\"https:\/\/zen-mcnulty.92-205-189-166.plesk.page\/#website\"},\"primaryImageOfPage\":{\"@id\":\"https:\/\/zen-mcnulty.92-205-189-166.plesk.page\/index.php\/bodenbelaege\/#primaryimage\"},\"image\":{\"@id\":\"https:\/\/zen-mcnulty.92-205-189-166.plesk.page\/index.php\/bodenbelaege\/#primaryimage\"},\"thumbnailUrl\":\"https:\/\/zen-mcnulty.92-205-189-166.plesk.page\/wp-content\/uploads\/2025\/09\/bild_b_01-1024x598.jpg\",\"datePublished\":\"2025-09-14T16:06:01+00:00\",\"dateModified\":\"2025-09-24T16:39:34+00:00\",\"breadcrumb\":{\"@id\":\"https:\/\/zen-mcnulty.92-205-189-166.plesk.page\/index.php\/bodenbelaege\/#breadcrumb\"},\"inLanguage\":\"de\",\"potentialAction\":[{\"@type\":\"ReadAction\",\"target\":[\"https:\/\/zen-mcnulty.92-205-189-166.plesk.page\/index.php\/bodenbelaege\/\"]}]},{\"@type\":\"ImageObject\",\"inLanguage\":\"de\",\"@id\":\"https:\/\/zen-mcnulty.92-205-189-166.plesk.page\/index.php\/bodenbelaege\/#primaryimage\",\"url\":\"https:\/\/zen-mcnulty.92-205-189-166.plesk.page\/wp-content\/uploads\/2025\/09\/bild_b_01.jpg\",\"contentUrl\":\"https:\/\/zen-mcnulty.92-205-189-166.plesk.page\/wp-content\/uploads\/2025\/09\/bild_b_01.jpg\",\"width\":1500,\"height\":876},{\"@type\":\"BreadcrumbList\",\"@id\":\"https:\/\/zen-mcnulty.92-205-189-166.plesk.page\/index.php\/bodenbelaege\/#breadcrumb\",\"itemListElement\":[{\"@type\":\"ListItem\",\"position\":1,\"name\":\"Startseite\",\"item\":\"https:\/\/zen-mcnulty.92-205-189-166.plesk.page\/\"},{\"@type\":\"ListItem\",\"position\":2,\"name\":\"Bodenbel\u00e4ge\"}]},{\"@type\":\"WebSite\",\"@id\":\"https:\/\/zen-mcnulty.92-205-189-166.plesk.page\/#website\",\"url\":\"https:\/\/zen-mcnulty.92-205-189-166.plesk.page\/\",\"name\":\"Mohrhenn\",\"description\":\"Ihr Malerfachbetrieb in M\u00fclheim an der Ruhr\",\"publisher\":{\"@id\":\"https:\/\/zen-mcnulty.92-205-189-166.plesk.page\/#organization\"},\"potentialAction\":[{\"@type\":\"SearchAction\",\"target\":{\"@type\":\"EntryPoint\",\"urlTemplate\":\"https:\/\/zen-mcnulty.92-205-189-166.plesk.page\/?s={search_term_string}\"},\"query-input\":{\"@type\":\"PropertyValueSpecification\",\"valueRequired\":true,\"valueName\":\"search_term_string\"}}],\"inLanguage\":\"de\"},{\"@type\":\"Organization\",\"@id\":\"https:\/\/zen-mcnulty.92-205-189-166.plesk.page\/#organization\",\"name\":\"Mohrhenn\",\"url\":\"https:\/\/zen-mcnulty.92-205-189-166.plesk.page\/\",\"logo\":{\"@type\":\"ImageObject\",\"inLanguage\":\"de\",\"@id\":\"https:\/\/zen-mcnulty.92-205-189-166.plesk.page\/#\/schema\/logo\/image\/\",\"url\":\"https:\/\/zen-mcnulty.92-205-189-166.plesk.page\/wp-content\/uploads\/2025\/09\/mohrhenn-logo-n1.png\",\"contentUrl\":\"https:\/\/zen-mcnulty.92-205-189-166.plesk.page\/wp-content\/uploads\/2025\/09\/mohrhenn-logo-n1.png\",\"width\":300,\"height\":137,\"caption\":\"Mohrhenn\"},\"image\":{\"@id\":\"https:\/\/zen-mcnulty.92-205-189-166.plesk.page\/#\/schema\/logo\/image\/\"}}]}<\/script>\n<!-- \/ Yoast SEO plugin. -->","yoast_head_json":{"title":"Bodenbel\u00e4ge - Mohrhenn","robots":{"index":"index","follow":"follow","max-snippet":"max-snippet:-1","max-image-preview":"max-image-preview:large","max-video-preview":"max-video-preview:-1"},"canonical":"https:\/\/zen-mcnulty.92-205-189-166.plesk.page\/index.php\/bodenbelaege\/","og_locale":"de_DE","og_type":"article","og_title":"Bodenbel\u00e4ge - Mohrhenn","og_description":"Ob Laminat, Vinyl, Teppich oder Designboden &#8211; wir beraten Sie bei der Auswahl passender Bodenbel\u00e4ge und \u00fcbernehmen die fachm\u00e4nnische Verlegung. Der Boden bildet die Grundlage jeder Raumgestaltung &#8211; wir sorgen daf\u00fcr, dass er nicht nur optisch, sondern auch funktional \u00fcberzeugt.","og_url":"https:\/\/zen-mcnulty.92-205-189-166.plesk.page\/index.php\/bodenbelaege\/","og_site_name":"Mohrhenn","article_modified_time":"2025-09-24T16:39:34+00:00","og_image":[{"width":1500,"height":876,"url":"https:\/\/zen-mcnulty.92-205-189-166.plesk.page\/wp-content\/uploads\/2025\/09\/bild_b_01.jpg","type":"image\/jpeg"}],"twitter_card":"summary_large_image","twitter_misc":{"Gesch\u00e4tzte Lesezeit":"1\u00a0Minute"},"schema":{"@context":"https:\/\/schema.org","@graph":[{"@type":"WebPage","@id":"https:\/\/zen-mcnulty.92-205-189-166.plesk.page\/index.php\/bodenbelaege\/","url":"https:\/\/zen-mcnulty.92-205-189-166.plesk.page\/index.php\/bodenbelaege\/","name":"Bodenbel\u00e4ge - Mohrhenn","isPartOf":{"@id":"https:\/\/zen-mcnulty.92-205-189-166.plesk.page\/#website"},"primaryImageOfPage":{"@id":"https:\/\/zen-mcnulty.92-205-189-166.plesk.page\/index.php\/bodenbelaege\/#primaryimage"},"image":{"@id":"https:\/\/zen-mcnulty.92-205-189-166.plesk.page\/index.php\/bodenbelaege\/#primaryimage"},"thumbnailUrl":"https:\/\/zen-mcnulty.92-205-189-166.plesk.page\/wp-content\/uploads\/2025\/09\/bild_b_01-1024x598.jpg","datePublished":"2025-09-14T16:06:01+00:00","dateModified":"2025-09-24T16:39:34+00:00","breadcrumb":{"@id":"https:\/\/zen-mcnulty.92-205-189-166.plesk.page\/index.php\/bodenbelaege\/#breadcrumb"},"inLanguage":"de","potentialAction":[{"@type":"ReadAction","target":["https:\/\/zen-mcnulty.92-205-189-166.plesk.page\/index.php\/bodenbelaege\/"]}]},{"@type":"ImageObject","inLanguage":"de","@id":"https:\/\/zen-mcnulty.92-205-189-166.plesk.page\/index.php\/bodenbelaege\/#primaryimage","url":"https:\/\/zen-mcnulty.92-205-189-166.plesk.page\/wp-content\/uploads\/2025\/09\/bild_b_01.jpg","contentUrl":"https:\/\/zen-mcnulty.92-205-189-166.plesk.page\/wp-content\/uploads\/2025\/09\/bild_b_01.jpg","width":1500,"height":876},{"@type":"BreadcrumbList","@id":"https:\/\/zen-mcnulty.92-205-189-166.plesk.page\/index.php\/bodenbelaege\/#breadcrumb","itemListElement":[{"@type":"ListItem","position":1,"name":"Startseite","item":"https:\/\/zen-mcnulty.92-205-189-166.plesk.page\/"},{"@type":"ListItem","position":2,"name":"Bodenbel\u00e4ge"}]},{"@type":"WebSite","@id":"https:\/\/zen-mcnulty.92-205-189-166.plesk.page\/#website","url":"https:\/\/zen-mcnulty.92-205-189-166.plesk.page\/","name":"Mohrhenn","description":"Ihr Malerfachbetrieb in M\u00fclheim an der Ruhr","publisher":{"@id":"https:\/\/zen-mcnulty.92-205-189-166.plesk.page\/#organization"},"potentialAction":[{"@type":"SearchAction","target":{"@type":"EntryPoint","urlTemplate":"https:\/\/zen-mcnulty.92-205-189-166.plesk.page\/?s={search_term_string}"},"query-input":{"@type":"PropertyValueSpecification","valueRequired":true,"valueName":"search_term_string"}}],"inLanguage":"de"},{"@type":"Organization","@id":"https:\/\/zen-mcnulty.92-205-189-166.plesk.page\/#organization","name":"Mohrhenn","url":"https:\/\/zen-mcnulty.92-205-189-166.plesk.page\/","logo":{"@type":"ImageObject","inLanguage":"de","@id":"https:\/\/zen-mcnulty.92-205-189-166.plesk.page\/#\/schema\/logo\/image\/","url":"https:\/\/zen-mcnulty.92-205-189-166.plesk.page\/wp-content\/uploads\/2025\/09\/mohrhenn-logo-n1.png","contentUrl":"https:\/\/zen-mcnulty.92-205-189-166.plesk.page\/wp-content\/uploads\/2025\/09\/mohrhenn-logo-n1.png","width":300,"height":137,"caption":"Mohrhenn"},"image":{"@id":"https:\/\/zen-mcnulty.92-205-189-166.plesk.page\/#\/schema\/logo\/image\/"}}]}},"_links":{"self":[{"href":"https:\/\/zen-mcnulty.92-205-189-166.plesk.page\/index.php\/wp-json\/wp\/v2\/pages\/22","targetHints":{"allow":["GET"]}}],"collection":[{"href":"https:\/\/zen-mcnulty.92-205-189-166.plesk.page\/index.php\/wp-json\/wp\/v2\/pages"}],"about":[{"href":"https:\/\/zen-mcnulty.92-205-189-166.plesk.page\/index.php\/wp-json\/wp\/v2\/types\/page"}],"author":[{"embeddable":true,"href":"https:\/\/zen-mcnulty.92-205-189-166.plesk.page\/index.php\/wp-json\/wp\/v2\/users\/1"}],"replies":[{"embeddable":true,"href":"https:\/\/zen-mcnulty.92-205-189-166.plesk.page\/index.php\/wp-json\/wp\/v2\/comments?post=22"}],"version-history":[{"count":3,"href":"https:\/\/zen-mcnulty.92-205-189-166.plesk.page\/index.php\/wp-json\/wp\/v2\/pages\/22\/revisions"}],"predecessor-version":[{"id":86,"href":"https:\/\/zen-mcnulty.92-205-189-166.plesk.page\/index.php\/wp-json\/wp\/v2\/pages\/22\/revisions\/86"}],"wp:attachment":[{"href":"https:\/\/zen-mcnulty.92-205-189-166.plesk.page\/index.php\/wp-json\/wp\/v2\/media?parent=22"}],"curies":[{"name":"wp","href":"https:\/\/api.w.org\/{rel}","templated":true}]}}