{"id":18,"date":"2025-09-14T16:04:02","date_gmt":"2025-09-14T16:04:02","guid":{"rendered":"https:\/\/zen-mcnulty.92-205-189-166.plesk.page\/?page_id=18"},"modified":"2025-09-24T16:37:42","modified_gmt":"2025-09-24T16:37:42","slug":"maler-und-tapezierarbeiten","status":"publish","type":"page","link":"https:\/\/zen-mcnulty.92-205-189-166.plesk.page\/index.php\/maler-und-tapezierarbeiten\/","title":{"rendered":"Maler- und Tapezierarbeiten"},"content":{"rendered":"\n<p>Von hochwertigen Anstrichen, bis zu fachgerecht ausgef\u00fchrten Tapezierarbeiten, bieten wir ein breites Spektrum an Innenraumgestaltungen. Wir verwenden ausschlie\u00dflich hochwertige Produkte und achten auf eine <strong>saubere, sorgf\u00e4ltige Ausf\u00fchrung<\/strong> \u2013 f\u00fcr ein Ergebnis, das \u00fcberzeugt.<\/p>\n\n\n\n<figure class=\"wp-block-image size-large\"><img loading=\"lazy\" decoding=\"async\" width=\"1024\" height=\"598\" src=\"https:\/\/zen-mcnulty.92-205-189-166.plesk.page\/wp-content\/uploads\/2025\/09\/bild_b_03-1024x598.jpg\" alt=\"\" class=\"wp-image-76\" srcset=\"https:\/\/zen-mcnulty.92-205-189-166.plesk.page\/wp-content\/uploads\/2025\/09\/bild_b_03-1024x598.jpg 1024w, https:\/\/zen-mcnulty.92-205-189-166.plesk.page\/wp-content\/uploads\/2025\/09\/bild_b_03-300x175.jpg 300w, https:\/\/zen-mcnulty.92-205-189-166.plesk.page\/wp-content\/uploads\/2025\/09\/bild_b_03-768x449.jpg 768w, https:\/\/zen-mcnulty.92-205-189-166.plesk.page\/wp-content\/uploads\/2025\/09\/bild_b_03.jpg 1500w\" sizes=\"auto, (max-width: 1024px) 100vw, 1024px\" \/><\/figure>\n","protected":false},"excerpt":{"rendered":"<p>Von hochwertigen Anstrichen, bis zu fachgerecht ausgef\u00fchrten Tapezierarbeiten, bieten wir ein breites Spektrum an Innenraumgestaltungen. Wir verwenden ausschlie\u00dflich hochwertige Produkte und achten auf eine saubere, sorgf\u00e4ltige Ausf\u00fchrung \u2013 f\u00fcr ein Ergebnis, das \u00fcberzeugt.<\/p>\n","protected":false},"author":1,"featured_media":0,"parent":0,"menu_order":0,"comment_status":"closed","ping_status":"closed","template":"","meta":{"footnotes":""},"class_list":["post-18","page","type-page","status-publish","hentry"],"yoast_head":"<!-- This site is optimized with the Yoast SEO plugin v25.9 - https:\/\/yoast.com\/wordpress\/plugins\/seo\/ -->\n<title>Maler- und Tapezierarbeiten - Mohrhenn<\/title>\n<meta name=\"robots\" content=\"index, follow, max-snippet:-1, max-image-preview:large, max-video-preview:-1\" \/>\n<link rel=\"canonical\" href=\"https:\/\/zen-mcnulty.92-205-189-166.plesk.page\/index.php\/maler-und-tapezierarbeiten\/\" \/>\n<meta property=\"og:locale\" content=\"de_DE\" \/>\n<meta property=\"og:type\" content=\"article\" \/>\n<meta property=\"og:title\" content=\"Maler- und Tapezierarbeiten - Mohrhenn\" \/>\n<meta property=\"og:description\" content=\"Von hochwertigen Anstrichen, bis zu fachgerecht ausgef\u00fchrten Tapezierarbeiten, bieten wir ein breites Spektrum an Innenraumgestaltungen. Wir verwenden ausschlie\u00dflich hochwertige Produkte und achten auf eine saubere, sorgf\u00e4ltige Ausf\u00fchrung \u2013 f\u00fcr ein Ergebnis, das \u00fcberzeugt.\" \/>\n<meta property=\"og:url\" content=\"https:\/\/zen-mcnulty.92-205-189-166.plesk.page\/index.php\/maler-und-tapezierarbeiten\/\" \/>\n<meta property=\"og:site_name\" content=\"Mohrhenn\" \/>\n<meta property=\"article:modified_time\" content=\"2025-09-24T16:37:42+00:00\" \/>\n<meta property=\"og:image\" content=\"https:\/\/zen-mcnulty.92-205-189-166.plesk.page\/wp-content\/uploads\/2025\/09\/bild_b_03.jpg\" \/>\n\t<meta property=\"og:image:width\" content=\"1500\" \/>\n\t<meta property=\"og:image:height\" content=\"876\" \/>\n\t<meta property=\"og:image:type\" content=\"image\/jpeg\" \/>\n<meta name=\"twitter:card\" content=\"summary_large_image\" \/>\n<meta name=\"twitter:label1\" content=\"Gesch\u00e4tzte Lesezeit\" \/>\n\t<meta name=\"twitter:data1\" content=\"1\u00a0Minute\" \/>\n<script type=\"application\/ld+json\" class=\"yoast-schema-graph\">{\"@context\":\"https:\/\/schema.org\",\"@graph\":[{\"@type\":\"WebPage\",\"@id\":\"https:\/\/zen-mcnulty.92-205-189-166.plesk.page\/index.php\/maler-und-tapezierarbeiten\/\",\"url\":\"https:\/\/zen-mcnulty.92-205-189-166.plesk.page\/index.php\/maler-und-tapezierarbeiten\/\",\"name\":\"Maler- und Tapezierarbeiten - Mohrhenn\",\"isPartOf\":{\"@id\":\"https:\/\/zen-mcnulty.92-205-189-166.plesk.page\/#website\"},\"primaryImageOfPage\":{\"@id\":\"https:\/\/zen-mcnulty.92-205-189-166.plesk.page\/index.php\/maler-und-tapezierarbeiten\/#primaryimage\"},\"image\":{\"@id\":\"https:\/\/zen-mcnulty.92-205-189-166.plesk.page\/index.php\/maler-und-tapezierarbeiten\/#primaryimage\"},\"thumbnailUrl\":\"https:\/\/zen-mcnulty.92-205-189-166.plesk.page\/wp-content\/uploads\/2025\/09\/bild_b_03-1024x598.jpg\",\"datePublished\":\"2025-09-14T16:04:02+00:00\",\"dateModified\":\"2025-09-24T16:37:42+00:00\",\"breadcrumb\":{\"@id\":\"https:\/\/zen-mcnulty.92-205-189-166.plesk.page\/index.php\/maler-und-tapezierarbeiten\/#breadcrumb\"},\"inLanguage\":\"de\",\"potentialAction\":[{\"@type\":\"ReadAction\",\"target\":[\"https:\/\/zen-mcnulty.92-205-189-166.plesk.page\/index.php\/maler-und-tapezierarbeiten\/\"]}]},{\"@type\":\"ImageObject\",\"inLanguage\":\"de\",\"@id\":\"https:\/\/zen-mcnulty.92-205-189-166.plesk.page\/index.php\/maler-und-tapezierarbeiten\/#primaryimage\",\"url\":\"https:\/\/zen-mcnulty.92-205-189-166.plesk.page\/wp-content\/uploads\/2025\/09\/bild_b_03.jpg\",\"contentUrl\":\"https:\/\/zen-mcnulty.92-205-189-166.plesk.page\/wp-content\/uploads\/2025\/09\/bild_b_03.jpg\",\"width\":1500,\"height\":876},{\"@type\":\"BreadcrumbList\",\"@id\":\"https:\/\/zen-mcnulty.92-205-189-166.plesk.page\/index.php\/maler-und-tapezierarbeiten\/#breadcrumb\",\"itemListElement\":[{\"@type\":\"ListItem\",\"position\":1,\"name\":\"Startseite\",\"item\":\"https:\/\/zen-mcnulty.92-205-189-166.plesk.page\/\"},{\"@type\":\"ListItem\",\"position\":2,\"name\":\"Maler- und Tapezierarbeiten\"}]},{\"@type\":\"WebSite\",\"@id\":\"https:\/\/zen-mcnulty.92-205-189-166.plesk.page\/#website\",\"url\":\"https:\/\/zen-mcnulty.92-205-189-166.plesk.page\/\",\"name\":\"Mohrhenn\",\"description\":\"Ihr Malerfachbetrieb in M\u00fclheim an der Ruhr\",\"publisher\":{\"@id\":\"https:\/\/zen-mcnulty.92-205-189-166.plesk.page\/#organization\"},\"potentialAction\":[{\"@type\":\"SearchAction\",\"target\":{\"@type\":\"EntryPoint\",\"urlTemplate\":\"https:\/\/zen-mcnulty.92-205-189-166.plesk.page\/?s={search_term_string}\"},\"query-input\":{\"@type\":\"PropertyValueSpecification\",\"valueRequired\":true,\"valueName\":\"search_term_string\"}}],\"inLanguage\":\"de\"},{\"@type\":\"Organization\",\"@id\":\"https:\/\/zen-mcnulty.92-205-189-166.plesk.page\/#organization\",\"name\":\"Mohrhenn\",\"url\":\"https:\/\/zen-mcnulty.92-205-189-166.plesk.page\/\",\"logo\":{\"@type\":\"ImageObject\",\"inLanguage\":\"de\",\"@id\":\"https:\/\/zen-mcnulty.92-205-189-166.plesk.page\/#\/schema\/logo\/image\/\",\"url\":\"https:\/\/zen-mcnulty.92-205-189-166.plesk.page\/wp-content\/uploads\/2025\/09\/mohrhenn-logo-n1.png\",\"contentUrl\":\"https:\/\/zen-mcnulty.92-205-189-166.plesk.page\/wp-content\/uploads\/2025\/09\/mohrhenn-logo-n1.png\",\"width\":300,\"height\":137,\"caption\":\"Mohrhenn\"},\"image\":{\"@id\":\"https:\/\/zen-mcnulty.92-205-189-166.plesk.page\/#\/schema\/logo\/image\/\"}}]}<\/script>\n<!-- \/ Yoast SEO plugin. -->","yoast_head_json":{"title":"Maler- und Tapezierarbeiten - Mohrhenn","robots":{"index":"index","follow":"follow","max-snippet":"max-snippet:-1","max-image-preview":"max-image-preview:large","max-video-preview":"max-video-preview:-1"},"canonical":"https:\/\/zen-mcnulty.92-205-189-166.plesk.page\/index.php\/maler-und-tapezierarbeiten\/","og_locale":"de_DE","og_type":"article","og_title":"Maler- und Tapezierarbeiten - Mohrhenn","og_description":"Von hochwertigen Anstrichen, bis zu fachgerecht ausgef\u00fchrten Tapezierarbeiten, bieten wir ein breites Spektrum an Innenraumgestaltungen. Wir verwenden ausschlie\u00dflich hochwertige Produkte und achten auf eine saubere, sorgf\u00e4ltige Ausf\u00fchrung \u2013 f\u00fcr ein Ergebnis, das \u00fcberzeugt.","og_url":"https:\/\/zen-mcnulty.92-205-189-166.plesk.page\/index.php\/maler-und-tapezierarbeiten\/","og_site_name":"Mohrhenn","article_modified_time":"2025-09-24T16:37:42+00:00","og_image":[{"width":1500,"height":876,"url":"https:\/\/zen-mcnulty.92-205-189-166.plesk.page\/wp-content\/uploads\/2025\/09\/bild_b_03.jpg","type":"image\/jpeg"}],"twitter_card":"summary_large_image","twitter_misc":{"Gesch\u00e4tzte Lesezeit":"1\u00a0Minute"},"schema":{"@context":"https:\/\/schema.org","@graph":[{"@type":"WebPage","@id":"https:\/\/zen-mcnulty.92-205-189-166.plesk.page\/index.php\/maler-und-tapezierarbeiten\/","url":"https:\/\/zen-mcnulty.92-205-189-166.plesk.page\/index.php\/maler-und-tapezierarbeiten\/","name":"Maler- und Tapezierarbeiten - Mohrhenn","isPartOf":{"@id":"https:\/\/zen-mcnulty.92-205-189-166.plesk.page\/#website"},"primaryImageOfPage":{"@id":"https:\/\/zen-mcnulty.92-205-189-166.plesk.page\/index.php\/maler-und-tapezierarbeiten\/#primaryimage"},"image":{"@id":"https:\/\/zen-mcnulty.92-205-189-166.plesk.page\/index.php\/maler-und-tapezierarbeiten\/#primaryimage"},"thumbnailUrl":"https:\/\/zen-mcnulty.92-205-189-166.plesk.page\/wp-content\/uploads\/2025\/09\/bild_b_03-1024x598.jpg","datePublished":"2025-09-14T16:04:02+00:00","dateModified":"2025-09-24T16:37:42+00:00","breadcrumb":{"@id":"https:\/\/zen-mcnulty.92-205-189-166.plesk.page\/index.php\/maler-und-tapezierarbeiten\/#breadcrumb"},"inLanguage":"de","potentialAction":[{"@type":"ReadAction","target":["https:\/\/zen-mcnulty.92-205-189-166.plesk.page\/index.php\/maler-und-tapezierarbeiten\/"]}]},{"@type":"ImageObject","inLanguage":"de","@id":"https:\/\/zen-mcnulty.92-205-189-166.plesk.page\/index.php\/maler-und-tapezierarbeiten\/#primaryimage","url":"https:\/\/zen-mcnulty.92-205-189-166.plesk.page\/wp-content\/uploads\/2025\/09\/bild_b_03.jpg","contentUrl":"https:\/\/zen-mcnulty.92-205-189-166.plesk.page\/wp-content\/uploads\/2025\/09\/bild_b_03.jpg","width":1500,"height":876},{"@type":"BreadcrumbList","@id":"https:\/\/zen-mcnulty.92-205-189-166.plesk.page\/index.php\/maler-und-tapezierarbeiten\/#breadcrumb","itemListElement":[{"@type":"ListItem","position":1,"name":"Startseite","item":"https:\/\/zen-mcnulty.92-205-189-166.plesk.page\/"},{"@type":"ListItem","position":2,"name":"Maler- und Tapezierarbeiten"}]},{"@type":"WebSite","@id":"https:\/\/zen-mcnulty.92-205-189-166.plesk.page\/#website","url":"https:\/\/zen-mcnulty.92-205-189-166.plesk.page\/","name":"Mohrhenn","description":"Ihr Malerfachbetrieb in M\u00fclheim an der Ruhr","publisher":{"@id":"https:\/\/zen-mcnulty.92-205-189-166.plesk.page\/#organization"},"potentialAction":[{"@type":"SearchAction","target":{"@type":"EntryPoint","urlTemplate":"https:\/\/zen-mcnulty.92-205-189-166.plesk.page\/?s={search_term_string}"},"query-input":{"@type":"PropertyValueSpecification","valueRequired":true,"valueName":"search_term_string"}}],"inLanguage":"de"},{"@type":"Organization","@id":"https:\/\/zen-mcnulty.92-205-189-166.plesk.page\/#organization","name":"Mohrhenn","url":"https:\/\/zen-mcnulty.92-205-189-166.plesk.page\/","logo":{"@type":"ImageObject","inLanguage":"de","@id":"https:\/\/zen-mcnulty.92-205-189-166.plesk.page\/#\/schema\/logo\/image\/","url":"https:\/\/zen-mcnulty.92-205-189-166.plesk.page\/wp-content\/uploads\/2025\/09\/mohrhenn-logo-n1.png","contentUrl":"https:\/\/zen-mcnulty.92-205-189-166.plesk.page\/wp-content\/uploads\/2025\/09\/mohrhenn-logo-n1.png","width":300,"height":137,"caption":"Mohrhenn"},"image":{"@id":"https:\/\/zen-mcnulty.92-205-189-166.plesk.page\/#\/schema\/logo\/image\/"}}]}},"_links":{"self":[{"href":"https:\/\/zen-mcnulty.92-205-189-166.plesk.page\/index.php\/wp-json\/wp\/v2\/pages\/18","targetHints":{"allow":["GET"]}}],"collection":[{"href":"https:\/\/zen-mcnulty.92-205-189-166.plesk.page\/index.php\/wp-json\/wp\/v2\/pages"}],"about":[{"href":"https:\/\/zen-mcnulty.92-205-189-166.plesk.page\/index.php\/wp-json\/wp\/v2\/types\/page"}],"author":[{"embeddable":true,"href":"https:\/\/zen-mcnulty.92-205-189-166.plesk.page\/index.php\/wp-json\/wp\/v2\/users\/1"}],"replies":[{"embeddable":true,"href":"https:\/\/zen-mcnulty.92-205-189-166.plesk.page\/index.php\/wp-json\/wp\/v2\/comments?post=18"}],"version-history":[{"count":3,"href":"https:\/\/zen-mcnulty.92-205-189-166.plesk.page\/index.php\/wp-json\/wp\/v2\/pages\/18\/revisions"}],"predecessor-version":[{"id":84,"href":"https:\/\/zen-mcnulty.92-205-189-166.plesk.page\/index.php\/wp-json\/wp\/v2\/pages\/18\/revisions\/84"}],"wp:attachment":[{"href":"https:\/\/zen-mcnulty.92-205-189-166.plesk.page\/index.php\/wp-json\/wp\/v2\/media?parent=18"}],"curies":[{"name":"wp","href":"https:\/\/api.w.org\/{rel}","templated":true}]}}